{"id":9182,"date":"2025-07-08T15:05:36","date_gmt":"2025-07-08T13:05:36","guid":{"rendered":"https:\/\/www.hoteltorinodiano.it\/declaration-daccessibilite\/"},"modified":"2025-08-14T17:30:02","modified_gmt":"2025-08-14T15:30:02","slug":"declaration-daccessibilite","status":"publish","type":"page","link":"https:\/\/www.hoteltorinodiano.it\/fr\/declaration-daccessibilite\/","title":{"rendered":"D\u00e9claration d&rsquo;accessibilit\u00e9"},"content":{"rendered":"\t\t<div data-elementor-type=\"wp-page\" data-elementor-id=\"9182\" class=\"elementor elementor-9182 elementor-9172\" data-elementor-post-type=\"page\">\n\t\t\t\t<div class=\"elementor-element elementor-element-aeaa930 e-flex e-con-boxed e-con e-parent\" data-id=\"aeaa930\" data-element_type=\"container\" data-e-type=\"container\">\n\t\t\t\t\t<div class=\"e-con-inner\">\n\t\t<div class=\"elementor-element elementor-element-59e6e74 e-con-full e-flex e-con e-child\" data-id=\"59e6e74\" data-element_type=\"container\" data-e-type=\"container\" data-settings=\"{&quot;background_background&quot;:&quot;classic&quot;}\">\n\t\t\t\t<div class=\"elementor-element elementor-element-6df8192 elementor-widget elementor-widget-shortcode\" data-id=\"6df8192\" data-element_type=\"widget\" data-e-type=\"widget\" data-widget_type=\"shortcode.default\">\n\t\t\t\t<div class=\"elementor-widget-container\">\n\t\t\t\t\t\t\t<div class=\"elementor-shortcode\"><h1>D\u00e9claration d'accessibilit\u00e9<\/h1><h2>Hotel Torino Wellness & Spa<\/h2><p>Via Milano, 72, Diano Marina (IM) 18013<\/p><p><a href=\"mailto:info@hoteltorinodiano.it\">info@hoteltorinodiano.it<\/a><\/p><p>Raison sociale: Albergo Torino di Giordano Aldo &amp; C. S.n.c. | Si\u00e8ge social: Via Milano, 72 - Diano Marina 18013, Imperia | P.IVA: 00003930088 | CITR: 008027-ALB-0030 | CIN: IT008027A1B2RTCVQT<\/p><p>Le site a \u00e9t\u00e9 publi\u00e9 le <strong>28 f\u00e9vrier 2023<\/strong><br>Le site a \u00e9t\u00e9 mis \u00e0 jour le <strong>13 mai 2026<\/strong><\/p><h2>Conformit\u00e9<\/h2><p>Ce site est partiellement conforme aux exigences de l'annexe A de la norme UNI CEI EN 301 549 (WCAG 2.1 niveau AA).<\/p><h2>Contenus non accessibles<\/h2><ul><li>Images sans texte alternatif ou avec un texte non pertinent<\/li><li>Certains \u00e9l\u00e9ments ne respectent pas les contrastes de couleurs requis<\/li><li>Le manque de balises s\u00e9mantiques limite partiellement la navigation avec un lecteur d&#039;\u00e9cran<\/li><li>Vid\u00e9os : absence de sous-titres et de transcriptions<\/li><li>Plan du site dans le pied de page non pr\u00e9sent<\/li><li>Indicateur de focus non toujours visible<\/li><li>Fil d&#039;Ariane non pr\u00e9sent<\/li><li>Fichiers PDF non enti\u00e8rement accessibles<\/li><\/ul><h2>D\u00e9claration r\u00e9dig\u00e9e par Hotel Torino Wellness & Spa<\/h2><p>Network Service Srl, sur la base d'une \u00e9valuation interne effectu\u00e9e le 13 mai 2026.<br> Cette d\u00e9claration a \u00e9t\u00e9 r\u00e9alis\u00e9e conform\u00e9ment \u00e0 la directive (UE) 2016\/2102, via une auto-\u00e9valuation effectu\u00e9e par Network Service Srl avec l'aide d'outils automatiques.<\/p><h2>Modalit\u00e9 de signalement<\/h2><p>Vous pouvez signaler tout probl\u00e8me d'accessibilit\u00e9 \u00e0 :<br> Email : <span style=\"text-decoration: underline;\"><a href=\"mailto:accessibilita@network-service.it\">accessibilita@network-service.it<\/a><\/span><br> Nous vous r\u00e9pondrons dans un d\u00e9lai de 30 jours ouvrables.<\/p><h2>Signalement \u00e0 l'AgID<\/h2><p>Si la r\u00e9ponse ne vous satisfait pas, vous pouvez envoyer un signalement \u00e0 l'AgID \u00e0 l'adresse suivante : protocollo@pec.agid.gov.it.<\/p><\/div><style>\r\n        h1 { color: var(--e-global-color-primary); font-size: 40px !important; }\r\n        h2 { color: var(--e-global-color-text); font-size: 24px !important; }\r\n        p, a, li  { color: var(--e-global-color-text); font-size: 16px !important; }\r\n    <\/style><\/div>\n\t\t\t\t\t\t<\/div>\n\t\t\t\t<\/div>\n\t\t\t\t<\/div>\n\t\t\t\t\t<\/div>\n\t\t\t\t<\/div>\n\t\t\t\t<\/div>\n\t\t","protected":false},"excerpt":{"rendered":"","protected":false},"author":1,"featured_media":0,"parent":0,"menu_order":0,"comment_status":"closed","ping_status":"closed","template":"elementor_canvas","meta":{"_acf_changed":false,"footnotes":""},"class_list":["post-9182","page","type-page","status-publish","hentry"],"acf":[],"_links":{"self":[{"href":"https:\/\/www.hoteltorinodiano.it\/fr\/wp-json\/wp\/v2\/pages\/9182","targetHints":{"allow":["GET"]}}],"collection":[{"href":"https:\/\/www.hoteltorinodiano.it\/fr\/wp-json\/wp\/v2\/pages"}],"about":[{"href":"https:\/\/www.hoteltorinodiano.it\/fr\/wp-json\/wp\/v2\/types\/page"}],"author":[{"embeddable":true,"href":"https:\/\/www.hoteltorinodiano.it\/fr\/wp-json\/wp\/v2\/users\/1"}],"replies":[{"embeddable":true,"href":"https:\/\/www.hoteltorinodiano.it\/fr\/wp-json\/wp\/v2\/comments?post=9182"}],"version-history":[{"count":2,"href":"https:\/\/www.hoteltorinodiano.it\/fr\/wp-json\/wp\/v2\/pages\/9182\/revisions"}],"predecessor-version":[{"id":9194,"href":"https:\/\/www.hoteltorinodiano.it\/fr\/wp-json\/wp\/v2\/pages\/9182\/revisions\/9194"}],"wp:attachment":[{"href":"https:\/\/www.hoteltorinodiano.it\/fr\/wp-json\/wp\/v2\/media?parent=9182"}],"curies":[{"name":"wp","href":"https:\/\/api.w.org\/{rel}","templated":true}]}}