{"id":5296,"date":"2023-05-04T16:07:06","date_gmt":"2023-05-04T14:07:06","guid":{"rendered":"https:\/\/www.hoteltorinodiano.it\/newsletter\/"},"modified":"2024-12-06T16:36:45","modified_gmt":"2024-12-06T15:36:45","slug":"newsletter","status":"publish","type":"page","link":"https:\/\/www.hoteltorinodiano.it\/fr\/newsletter\/","title":{"rendered":"Newsletter"},"content":{"rendered":"\t\t<div data-elementor-type=\"wp-page\" data-elementor-id=\"5296\" class=\"elementor elementor-5296 elementor-3992\" data-elementor-post-type=\"page\">\n\t\t\t\t\t\t<section class=\"elementor-section elementor-top-section elementor-element elementor-element-aaf2cab elementor-section-boxed elementor-section-height-default elementor-section-height-default\" data-id=\"aaf2cab\" data-element_type=\"section\" data-e-type=\"section\" data-settings=\"{&quot;background_background&quot;:&quot;classic&quot;,&quot;shape_divider_bottom&quot;:&quot;triangle-asymmetrical&quot;}\">\n\t\t\t\t\t\t\t<div class=\"elementor-background-overlay\"><\/div>\n\t\t\t\t\t\t<div class=\"elementor-shape elementor-shape-bottom\" aria-hidden=\"true\" data-negative=\"false\">\n\t\t\t<svg xmlns=\"http:\/\/www.w3.org\/2000\/svg\" viewBox=\"0 0 1000 100\" preserveAspectRatio=\"none\">\n\t<path class=\"elementor-shape-fill\" d=\"M738,99l262-93V0H0v5.6L738,99z\"\/>\n<\/svg>\t\t<\/div>\n\t\t\t\t\t<div class=\"elementor-container elementor-column-gap-no\">\n\t\t\t\t\t<div class=\"elementor-column elementor-col-50 elementor-top-column elementor-element elementor-element-225ab01\" data-id=\"225ab01\" data-element_type=\"column\" data-e-type=\"column\">\n\t\t\t<div class=\"elementor-widget-wrap elementor-element-populated\">\n\t\t\t\t\t\t<div class=\"elementor-element elementor-element-5a8fcdf elementor-invisible elementor-widget elementor-widget-heading\" data-id=\"5a8fcdf\" data-element_type=\"widget\" data-e-type=\"widget\" data-settings=\"{&quot;_animation&quot;:&quot;fadeInUp&quot;}\" data-widget_type=\"heading.default\">\n\t\t\t\t<div class=\"elementor-widget-container\">\n\t\t\t\t\t<h1 class=\"elementor-heading-title elementor-size-default\">S'inscrire \u00e0 la newsletter est avantageux !<\/h1>\t\t\t\t<\/div>\n\t\t\t\t<\/div>\n\t\t\t\t<div class=\"elementor-element elementor-element-6dc31c2 elementor-widget elementor-widget-spacer\" data-id=\"6dc31c2\" data-element_type=\"widget\" data-e-type=\"widget\" data-widget_type=\"spacer.default\">\n\t\t\t\t<div class=\"elementor-widget-container\">\n\t\t\t\t\t\t\t<div class=\"elementor-spacer\">\n\t\t\t<div class=\"elementor-spacer-inner\"><\/div>\n\t\t<\/div>\n\t\t\t\t\t\t<\/div>\n\t\t\t\t<\/div>\n\t\t\t\t<div class=\"elementor-element elementor-element-74c6057 elementor-invisible elementor-widget elementor-widget-heading\" data-id=\"74c6057\" data-element_type=\"widget\" data-e-type=\"widget\" data-settings=\"{&quot;_animation&quot;:&quot;fadeInUp&quot;}\" data-widget_type=\"heading.default\">\n\t\t\t\t<div class=\"elementor-widget-container\">\n\t\t\t\t\t<h2 class=\"elementor-heading-title elementor-size-default\">Recevez nos surprises dans votre bo\u00eete mail<\/h2>\t\t\t\t<\/div>\n\t\t\t\t<\/div>\n\t\t\t\t\t<\/div>\n\t\t<\/div>\n\t\t\t\t<div class=\"elementor-column elementor-col-50 elementor-top-column elementor-element elementor-element-875bf95\" data-id=\"875bf95\" data-element_type=\"column\" data-e-type=\"column\">\n\t\t\t<div class=\"elementor-widget-wrap\">\n\t\t\t\t\t\t\t<\/div>\n\t\t<\/div>\n\t\t\t\t\t<\/div>\n\t\t<\/section>\n\t\t\t\t<section class=\"elementor-section elementor-top-section elementor-element elementor-element-43d30b5 elementor-section-content-middle elementor-section-boxed elementor-section-height-default elementor-section-height-default\" data-id=\"43d30b5\" data-element_type=\"section\" data-e-type=\"section\">\n\t\t\t\t\t\t<div class=\"elementor-container elementor-column-gap-no\">\n\t\t\t\t\t<div class=\"elementor-column elementor-col-50 elementor-top-column elementor-element elementor-element-ca0a265\" data-id=\"ca0a265\" data-element_type=\"column\" data-e-type=\"column\">\n\t\t\t<div class=\"elementor-widget-wrap elementor-element-populated\">\n\t\t\t\t\t\t<div class=\"elementor-element elementor-element-b2fa858 elementor-widget elementor-widget-text-editor\" data-id=\"b2fa858\" data-element_type=\"widget\" data-e-type=\"widget\" data-widget_type=\"text-editor.default\">\n\t\t\t\t<div class=\"elementor-widget-container\">\n\t\t\t\t\t\t\t\t\t<p>En vous inscrivant \u00e0 notre newsletter, en plus des informations sur les <strong>\u00e9v\u00e9nements et les offres sp\u00e9ciales<\/strong>, de temps en temps nous vous ferons une <strong>surprise.<\/strong> De petits cadeaux de grande valeur, pour vous faire sentir toujours choy\u00e9. Vous recevrez peu de courriels, mais tous avec un <strong>cadeau pens\u00e9 pour votre bonheur.<\/strong> Et si vous avez aim\u00e9 les cadeaux, \u00e9crivez-nous pour nous le faire savoir !<\/p>\n\t\t\t\t\t\t\t\t<\/div>\n\t\t\t\t<\/div>\n\t\t\t\t\t<\/div>\n\t\t<\/div>\n\t\t\t\t<div class=\"elementor-column elementor-col-50 elementor-top-column elementor-element elementor-element-9568f72\" data-id=\"9568f72\" data-element_type=\"column\" data-e-type=\"column\">\n\t\t\t<div class=\"elementor-widget-wrap elementor-element-populated\">\n\t\t\t\t\t\t<div class=\"elementor-element elementor-element-9b8e13d elementor-widget elementor-widget-template\" data-id=\"9b8e13d\" data-element_type=\"widget\" data-e-type=\"widget\" data-widget_type=\"template.default\">\n\t\t\t\t<div class=\"elementor-widget-container\">\n\t\t\t\t\t\t\t<div class=\"elementor-template\">\n\t\t\t\t\t<div data-elementor-type=\"section\" data-elementor-id=\"6396\" class=\"elementor elementor-6396 elementor-4001 elementor-4001\" data-elementor-post-type=\"elementor_library\">\n\t\t\t\t\t<section class=\"elementor-section elementor-top-section elementor-element elementor-element-5bf836f7 elementor-section-full_width elementor-section-height-default elementor-section-height-default\" data-id=\"5bf836f7\" data-element_type=\"section\" data-e-type=\"section\">\n\t\t\t\t\t\t<div class=\"elementor-container elementor-column-gap-no\">\n\t\t\t\t\t<div class=\"elementor-column elementor-col-100 elementor-top-column elementor-element elementor-element-13121948\" data-id=\"13121948\" data-element_type=\"column\" data-e-type=\"column\">\n\t\t\t<div class=\"elementor-widget-wrap elementor-element-populated\">\n\t\t\t\t\t\t<div class=\"elementor-element elementor-element-6bc1a6ed elementor-widget elementor-widget-html\" data-id=\"6bc1a6ed\" data-element_type=\"widget\" data-e-type=\"widget\" data-widget_type=\"html.default\">\n\t\t\t\t<div class=\"elementor-widget-container\">\n\t\t\t\t\t<form action=\"https:\/\/37759.emailsp.com\/frontend\/subscribe.aspx\">\r\n    <div class=\"elementor-field-type-text elementor-field-group elementor-column elementor-field-group-nome elementor-col-100 elementor-field-required\">\r\n            <input type=\"text\" rel=\"1\" name=\"campo1\" id=\"campo1\" placeholder=\"Nom\" class=\"elementor-field elementor-size-md  elementor-field-textual\"\/>\r\n            <br><br><br>\r\n            <input type=\"email\" name=\"email\" id=\"email\" placeholder=\"* Email\" required=\"required\" class=\"elementor-field elementor-size-md  elementor-field-textual\">\r\n    <\/div>\r\n    <br>\r\n    <input type=\"checkbox\" name=\"privacy\" required=\"required\"> Je souhaite m&#39;abonner \u00e0 la newsletter pour recevoir des offres et des nouvelles du site - <a href=\"https:\/\/www.iubenda.com\/privacy-policy\/27695845\" class=\"iubenda-white no-brand iubenda-noiframe iubenda-embed iubenda-noiframe \" title=\"Privacy Policy \" target=\"_blank\" rel=\"noopener\">Privacy Policy<\/a>\r\n    <br><br>\r\n    <button type=\"submit\" name=\"submit\" value=\"true\" id=\"b-pulsante\">\r\n        Envoyer\r\n    <\/button>\r\n<input type=\"hidden\" id=\"apgroup\" name=\"apgroup\" value=\"8978\">\r\n<input type=\"hidden\" name=\"list\" value=\"76\"><input type=\"hidden\" name=\"IdCustomFlowCfg\" value=\"137\">\r\n<input\n                    class=\"apbct_special_field apbct_email_id__elementor_form\"\n                    name=\"apbct__email_id__elementor_form\"\n                    aria-label=\"apbct__label_id__elementor_form\"\n                    type=\"text\" size=\"30\" maxlength=\"200\" autocomplete=\"off\"\n                    value=\"\"\n                \/><input\n                    class=\"apbct_special_field apbct_email_id__elementor_form\"\n                    name=\"apbct__email_id__elementor_form\"\n                    aria-label=\"apbct__label_id__elementor_form\"\n                    type=\"text\" size=\"30\" maxlength=\"200\" autocomplete=\"off\"\n                    value=\"\"\n                \/><\/form>\t\t\t\t<\/div>\n\t\t\t\t<\/div>\n\t\t\t\t\t<\/div>\n\t\t<\/div>\n\t\t\t\t\t<\/div>\n\t\t<\/section>\n\t\t\t\t<\/div>\n\t\t\t\t<\/div>\n\t\t\t\t\t\t<\/div>\n\t\t\t\t<\/div>\n\t\t\t\t\t<\/div>\n\t\t<\/div>\n\t\t\t\t\t<\/div>\n\t\t<\/section>\n\t\t\t\t<\/div>\n\t\t","protected":false},"excerpt":{"rendered":"<p>S&rsquo;inscrire \u00e0 la newsletter est avantageux ! Recevez nos surprises dans votre bo\u00eete mail En vous inscrivant \u00e0 notre newsletter, en plus des informations sur les \u00e9v\u00e9nements et les offres sp\u00e9ciales, de temps en temps nous vous ferons une surprise. De petits cadeaux de grande valeur, pour vous faire sentir toujours choy\u00e9. Vous recevrez peu [&hellip;]<\/p>\n","protected":false},"author":1,"featured_media":0,"parent":0,"menu_order":0,"comment_status":"closed","ping_status":"closed","template":"","meta":{"_acf_changed":false,"footnotes":""},"class_list":["post-5296","page","type-page","status-publish","hentry"],"acf":[],"_links":{"self":[{"href":"https:\/\/www.hoteltorinodiano.it\/fr\/wp-json\/wp\/v2\/pages\/5296","targetHints":{"allow":["GET"]}}],"collection":[{"href":"https:\/\/www.hoteltorinodiano.it\/fr\/wp-json\/wp\/v2\/pages"}],"about":[{"href":"https:\/\/www.hoteltorinodiano.it\/fr\/wp-json\/wp\/v2\/types\/page"}],"author":[{"embeddable":true,"href":"https:\/\/www.hoteltorinodiano.it\/fr\/wp-json\/wp\/v2\/users\/1"}],"replies":[{"embeddable":true,"href":"https:\/\/www.hoteltorinodiano.it\/fr\/wp-json\/wp\/v2\/comments?post=5296"}],"version-history":[{"count":7,"href":"https:\/\/www.hoteltorinodiano.it\/fr\/wp-json\/wp\/v2\/pages\/5296\/revisions"}],"predecessor-version":[{"id":7971,"href":"https:\/\/www.hoteltorinodiano.it\/fr\/wp-json\/wp\/v2\/pages\/5296\/revisions\/7971"}],"wp:attachment":[{"href":"https:\/\/www.hoteltorinodiano.it\/fr\/wp-json\/wp\/v2\/media?parent=5296"}],"curies":[{"name":"wp","href":"https:\/\/api.w.org\/{rel}","templated":true}]}}