{"id":5300,"date":"2023-05-04T16:07:06","date_gmt":"2023-05-04T14:07:06","guid":{"rendered":"https:\/\/www.hoteltorinodiano.it\/newsletter\/"},"modified":"2024-12-06T16:37:00","modified_gmt":"2024-12-06T15:37:00","slug":"newsletter","status":"publish","type":"page","link":"https:\/\/www.hoteltorinodiano.it\/de\/newsletter\/","title":{"rendered":"Newsletter"},"content":{"rendered":"\t\t<div data-elementor-type=\"wp-page\" data-elementor-id=\"5300\" class=\"elementor elementor-5300 elementor-3992\" data-elementor-post-type=\"page\">\n\t\t\t\t\t\t<section class=\"elementor-section elementor-top-section elementor-element elementor-element-aaf2cab elementor-section-boxed elementor-section-height-default elementor-section-height-default\" data-id=\"aaf2cab\" data-element_type=\"section\" data-e-type=\"section\" data-settings=\"{&quot;background_background&quot;:&quot;classic&quot;,&quot;shape_divider_bottom&quot;:&quot;triangle-asymmetrical&quot;}\">\n\t\t\t\t\t\t\t<div class=\"elementor-background-overlay\"><\/div>\n\t\t\t\t\t\t<div class=\"elementor-shape elementor-shape-bottom\" aria-hidden=\"true\" data-negative=\"false\">\n\t\t\t<svg xmlns=\"http:\/\/www.w3.org\/2000\/svg\" viewBox=\"0 0 1000 100\" preserveAspectRatio=\"none\">\n\t<path class=\"elementor-shape-fill\" d=\"M738,99l262-93V0H0v5.6L738,99z\"\/>\n<\/svg>\t\t<\/div>\n\t\t\t\t\t<div class=\"elementor-container elementor-column-gap-no\">\n\t\t\t\t\t<div class=\"elementor-column elementor-col-50 elementor-top-column elementor-element elementor-element-225ab01\" data-id=\"225ab01\" data-element_type=\"column\" data-e-type=\"column\">\n\t\t\t<div class=\"elementor-widget-wrap elementor-element-populated\">\n\t\t\t\t\t\t<div class=\"elementor-element elementor-element-5a8fcdf elementor-invisible elementor-widget elementor-widget-heading\" data-id=\"5a8fcdf\" data-element_type=\"widget\" data-e-type=\"widget\" data-settings=\"{&quot;_animation&quot;:&quot;fadeInUp&quot;}\" data-widget_type=\"heading.default\">\n\t\t\t\t<div class=\"elementor-widget-container\">\n\t\t\t\t\t<h1 class=\"elementor-heading-title elementor-size-default\">Abonnieren Sie unseren Newsletter und profitieren Sie davon!<\/h1>\t\t\t\t<\/div>\n\t\t\t\t<\/div>\n\t\t\t\t<div class=\"elementor-element elementor-element-6dc31c2 elementor-widget elementor-widget-spacer\" data-id=\"6dc31c2\" data-element_type=\"widget\" data-e-type=\"widget\" data-widget_type=\"spacer.default\">\n\t\t\t\t<div class=\"elementor-widget-container\">\n\t\t\t\t\t\t\t<div class=\"elementor-spacer\">\n\t\t\t<div class=\"elementor-spacer-inner\"><\/div>\n\t\t<\/div>\n\t\t\t\t\t\t<\/div>\n\t\t\t\t<\/div>\n\t\t\t\t<div class=\"elementor-element elementor-element-74c6057 elementor-invisible elementor-widget elementor-widget-heading\" data-id=\"74c6057\" data-element_type=\"widget\" data-e-type=\"widget\" data-settings=\"{&quot;_animation&quot;:&quot;fadeInUp&quot;}\" data-widget_type=\"heading.default\">\n\t\t\t\t<div class=\"elementor-widget-container\">\n\t\t\t\t\t<h2 class=\"elementor-heading-title elementor-size-default\">Erhalten Sie unsere \u00dcberraschungen in Ihrem Posteingang<\/h2>\t\t\t\t<\/div>\n\t\t\t\t<\/div>\n\t\t\t\t\t<\/div>\n\t\t<\/div>\n\t\t\t\t<div class=\"elementor-column elementor-col-50 elementor-top-column elementor-element elementor-element-875bf95\" data-id=\"875bf95\" data-element_type=\"column\" data-e-type=\"column\">\n\t\t\t<div class=\"elementor-widget-wrap\">\n\t\t\t\t\t\t\t<\/div>\n\t\t<\/div>\n\t\t\t\t\t<\/div>\n\t\t<\/section>\n\t\t\t\t<section class=\"elementor-section elementor-top-section elementor-element elementor-element-43d30b5 elementor-section-content-middle elementor-section-boxed elementor-section-height-default elementor-section-height-default\" data-id=\"43d30b5\" data-element_type=\"section\" data-e-type=\"section\">\n\t\t\t\t\t\t<div class=\"elementor-container elementor-column-gap-no\">\n\t\t\t\t\t<div class=\"elementor-column elementor-col-50 elementor-top-column elementor-element elementor-element-ca0a265\" data-id=\"ca0a265\" data-element_type=\"column\" data-e-type=\"column\">\n\t\t\t<div class=\"elementor-widget-wrap elementor-element-populated\">\n\t\t\t\t\t\t<div class=\"elementor-element elementor-element-b2fa858 elementor-widget elementor-widget-text-editor\" data-id=\"b2fa858\" data-element_type=\"widget\" data-e-type=\"widget\" data-widget_type=\"text-editor.default\">\n\t\t\t\t<div class=\"elementor-widget-container\">\n\t\t\t\t\t\t\t\t\t<p>Wenn Sie sich f\u00fcr unseren Newsletter anmelden, erhalten Sie neben Informationen zu <strong>Veranstaltungen und Sonderangeboten<\/strong> gelegentlich eine <strong>\u00dcberraschung.<\/strong> Kleine Geschenke von gro\u00dfem Wert, damit Sie sich immer umhegt f\u00fchlen. Sie werden nur wenige E-Mails erhalten, aber alle mit <strong>einem Geschenk, das f\u00fcr Ihr Gl\u00fcck gedacht ist.<\/strong> Und wenn Ihnen die Geschenke gefallen haben, lassen Sie es uns wissen!<\/p>\n\t\t\t\t\t\t\t\t<\/div>\n\t\t\t\t<\/div>\n\t\t\t\t\t<\/div>\n\t\t<\/div>\n\t\t\t\t<div class=\"elementor-column elementor-col-50 elementor-top-column elementor-element elementor-element-9568f72\" data-id=\"9568f72\" data-element_type=\"column\" data-e-type=\"column\">\n\t\t\t<div class=\"elementor-widget-wrap elementor-element-populated\">\n\t\t\t\t\t\t<div class=\"elementor-element elementor-element-9b8e13d elementor-widget elementor-widget-template\" data-id=\"9b8e13d\" data-element_type=\"widget\" data-e-type=\"widget\" data-widget_type=\"template.default\">\n\t\t\t\t<div class=\"elementor-widget-container\">\n\t\t\t\t\t\t\t<div class=\"elementor-template\">\n\t\t\t\t\t<div data-elementor-type=\"section\" data-elementor-id=\"6400\" class=\"elementor elementor-6400 elementor-4001 elementor-4001\" data-elementor-post-type=\"elementor_library\">\n\t\t\t\t\t<section class=\"elementor-section elementor-top-section elementor-element elementor-element-5bf836f7 elementor-section-full_width elementor-section-height-default elementor-section-height-default\" data-id=\"5bf836f7\" data-element_type=\"section\" data-e-type=\"section\">\n\t\t\t\t\t\t<div class=\"elementor-container elementor-column-gap-no\">\n\t\t\t\t\t<div class=\"elementor-column elementor-col-100 elementor-top-column elementor-element elementor-element-13121948\" data-id=\"13121948\" data-element_type=\"column\" data-e-type=\"column\">\n\t\t\t<div class=\"elementor-widget-wrap elementor-element-populated\">\n\t\t\t\t\t\t<div class=\"elementor-element elementor-element-6bc1a6ed elementor-widget elementor-widget-html\" data-id=\"6bc1a6ed\" data-element_type=\"widget\" data-e-type=\"widget\" data-widget_type=\"html.default\">\n\t\t\t\t<div class=\"elementor-widget-container\">\n\t\t\t\t\t<form action=\"https:\/\/37759.emailsp.com\/frontend\/subscribe.aspx\">\r\n    <div class=\"elementor-field-type-text elementor-field-group elementor-column elementor-field-group-nome elementor-col-100 elementor-field-required\">\r\n            <input type=\"text\" rel=\"1\" name=\"campo1\" id=\"campo1\" placeholder=\"Name\" class=\"elementor-field elementor-size-md  elementor-field-textual\"\/>\r\n            <br><br><br>\r\n            <input type=\"email\" name=\"email\" id=\"email\" placeholder=\"* Email\" required=\"required\" class=\"elementor-field elementor-size-md  elementor-field-textual\">\r\n    <\/div>\r\n    <br>\r\n    <input type=\"checkbox\" name=\"privacy\" required=\"required\"> Ich m\u00f6chte den Newsletter abonnieren, um Angebote und Neuigkeiten von der Website zu erhalten - <a href=\"https:\/\/www.iubenda.com\/privacy-policy\/81711103\" class=\"iubenda-white no-brand iubenda-noiframe iubenda-embed iubenda-noiframe \" title=\"Privacy Policy \" target=\"_blank\" rel=\"noopener\">Privacy Policy<\/a>\r\n    <br><br>\r\n    <button type=\"submit\" name=\"submit\" value=\"true\" id=\"b-pulsante\">\r\n        Anfrage senden\r\n    <\/button>\r\n<input type=\"hidden\" id=\"apgroup\" name=\"apgroup\" value=\"8977\">\r\n<input type=\"hidden\" name=\"list\" value=\"76\"><input type=\"hidden\" name=\"IdCustomFlowCfg\" value=\"136\">\r\n<input\n                    class=\"apbct_special_field apbct_email_id__elementor_form\"\n                    name=\"apbct__email_id__elementor_form\"\n                    aria-label=\"apbct__label_id__elementor_form\"\n                    type=\"text\" size=\"30\" maxlength=\"200\" autocomplete=\"off\"\n                    value=\"\"\n                \/><input\n                    class=\"apbct_special_field apbct_email_id__elementor_form\"\n                    name=\"apbct__email_id__elementor_form\"\n                    aria-label=\"apbct__label_id__elementor_form\"\n                    type=\"text\" size=\"30\" maxlength=\"200\" autocomplete=\"off\"\n                    value=\"\"\n                \/><\/form>\t\t\t\t<\/div>\n\t\t\t\t<\/div>\n\t\t\t\t\t<\/div>\n\t\t<\/div>\n\t\t\t\t\t<\/div>\n\t\t<\/section>\n\t\t\t\t<\/div>\n\t\t\t\t<\/div>\n\t\t\t\t\t\t<\/div>\n\t\t\t\t<\/div>\n\t\t\t\t\t<\/div>\n\t\t<\/div>\n\t\t\t\t\t<\/div>\n\t\t<\/section>\n\t\t\t\t<\/div>\n\t\t","protected":false},"excerpt":{"rendered":"<p>Abonnieren Sie unseren Newsletter und profitieren Sie davon! Erhalten Sie unsere \u00dcberraschungen in Ihrem Posteingang Wenn Sie sich f\u00fcr unseren Newsletter anmelden, erhalten Sie neben Informationen zu Veranstaltungen und Sonderangeboten gelegentlich eine \u00dcberraschung. Kleine Geschenke von gro\u00dfem Wert, damit Sie sich immer umhegt f\u00fchlen. Sie werden nur wenige E-Mails erhalten, aber alle mit einem Geschenk, [&hellip;]<\/p>\n","protected":false},"author":1,"featured_media":0,"parent":0,"menu_order":0,"comment_status":"closed","ping_status":"closed","template":"","meta":{"_acf_changed":false,"footnotes":""},"class_list":["post-5300","page","type-page","status-publish","hentry"],"acf":[],"_links":{"self":[{"href":"https:\/\/www.hoteltorinodiano.it\/de\/wp-json\/wp\/v2\/pages\/5300","targetHints":{"allow":["GET"]}}],"collection":[{"href":"https:\/\/www.hoteltorinodiano.it\/de\/wp-json\/wp\/v2\/pages"}],"about":[{"href":"https:\/\/www.hoteltorinodiano.it\/de\/wp-json\/wp\/v2\/types\/page"}],"author":[{"embeddable":true,"href":"https:\/\/www.hoteltorinodiano.it\/de\/wp-json\/wp\/v2\/users\/1"}],"replies":[{"embeddable":true,"href":"https:\/\/www.hoteltorinodiano.it\/de\/wp-json\/wp\/v2\/comments?post=5300"}],"version-history":[{"count":7,"href":"https:\/\/www.hoteltorinodiano.it\/de\/wp-json\/wp\/v2\/pages\/5300\/revisions"}],"predecessor-version":[{"id":7972,"href":"https:\/\/www.hoteltorinodiano.it\/de\/wp-json\/wp\/v2\/pages\/5300\/revisions\/7972"}],"wp:attachment":[{"href":"https:\/\/www.hoteltorinodiano.it\/de\/wp-json\/wp\/v2\/media?parent=5300"}],"curies":[{"name":"wp","href":"https:\/\/api.w.org\/{rel}","templated":true}]}}